{"id":927,"date":"2023-06-09T16:41:25","date_gmt":"2023-06-09T16:41:25","guid":{"rendered":"https:\/\/diein.com.co\/?page_id=927"},"modified":"2023-06-13T13:49:30","modified_gmt":"2023-06-13T13:49:30","slug":"iluminacion","status":"publish","type":"page","link":"https:\/\/diein.com.co\/?page_id=927","title":{"rendered":"ILUMINACION"},"content":{"rendered":"\n<div class=\"inherit-container-width wp-block-group alignfull has-background is-layout-constrained wp-block-group-is-layout-constrained\" style=\"background-color:#f8f4e4\">\n<div class=\"wp-block-columns alignwide is-layout-flex wp-container-core-columns-is-layout-28f84493 wp-block-columns-is-layout-flex\">\n<div class=\"wp-block-column is-layout-flow wp-block-column-is-layout-flow\">\n<figure class=\"wp-block-image size-full\"><img loading=\"lazy\" decoding=\"async\" width=\"688\" height=\"334\" src=\"https:\/\/diein.com.co\/wp-content\/uploads\/2023\/06\/Captura-de-pantalla-2023-06-03-114940-4.gif\" alt=\"\" class=\"wp-image-1059\"\/><\/figure>\n<\/div>\n\n\n\n<div class=\"wp-block-column is-vertically-aligned-center is-layout-flow wp-block-column-is-layout-flow\">\n<p class=\"has-text-align-center\">Entregamos a nuestros clientes las mejores opciones en iluminaci\u00f3n teniendo en cuenta sus necesidades. contamos con el apoyo de nuestros fabricantes los cuales prestan su asesor\u00eda para ofrecer el mejor producto dependiendo las caracter\u00edsticas de cada proyecto dando los mejores resultados. <\/p>\n<\/div>\n\n\n\n<div class=\"wp-block-column is-layout-flow wp-block-column-is-layout-flow\">\n<div class=\"wp-block-uagb-image uagb-block-14bce305 wp-block-uagb-image--layout-default wp-block-uagb-image--effect-static wp-block-uagb-image--align-none\"><figure class=\"wp-block-uagb-image__figure\"><img decoding=\"async\" srcset=\"https:\/\/diein.com.co\/wp-content\/uploads\/2023\/06\/lightbulb-energy-nature-5244001-1024x742.jpg \" sizes=\"auto, (max-width: 480px) 150px\" src=\"https:\/\/diein.com.co\/wp-content\/uploads\/2023\/06\/lightbulb-energy-nature-5244001-1024x742.jpg\" alt=\"lightbulb, energy, nature-5244001.jpg\" class=\"uag-image-1057\" width=\"1024\" height=\"742\" title=\"\" loading=\"lazy\"\/><\/figure><\/div>\n<\/div>\n<\/div>\n<\/div>\n","protected":false},"excerpt":{"rendered":"<p>Entregamos a nuestros clientes las mejores opciones en iluminaci\u00f3n teniendo en cuenta sus necesidades. contamos con el apoyo de nuestros fabricantes los cuales prestan su asesor\u00eda para ofrecer el mejor producto dependiendo las caracter\u00edsticas de cada proyecto dando los mejores resultados.<\/p>\n","protected":false},"author":1,"featured_media":0,"parent":0,"menu_order":0,"comment_status":"closed","ping_status":"closed","template":"","meta":{"_uag_custom_page_level_css":"","site-sidebar-layout":"default","site-content-layout":"default","ast-global-header-display":"","ast-banner-title-visibility":"","ast-main-header-display":"","ast-hfb-above-header-display":"","ast-hfb-below-header-display":"","ast-hfb-mobile-header-display":"","site-post-title":"","ast-breadcrumbs-content":"","ast-featured-img":"","footer-sml-layout":"","theme-transparent-header-meta":"","adv-header-id-meta":"","stick-header-meta":"","header-above-stick-meta":"","header-main-stick-meta":"","header-below-stick-meta":"","footnotes":""},"class_list":["post-927","page","type-page","status-publish","hentry"],"uagb_featured_image_src":{"full":false,"thumbnail":false,"medium":false,"medium_large":false,"large":false,"1536x1536":false,"2048x2048":false},"uagb_author_info":{"display_name":"page_division_tfqi01oo","author_link":"https:\/\/diein.com.co\/?author=1"},"uagb_comment_info":0,"uagb_excerpt":"Entregamos a nuestros clientes las mejores opciones en iluminaci\u00f3n teniendo en cuenta sus necesidades. contamos con el apoyo de nuestros fabricantes los cuales prestan su asesor\u00eda para ofrecer el mejor producto dependiendo las caracter\u00edsticas de cada proyecto dando los mejores resultados.","_links":{"self":[{"href":"https:\/\/diein.com.co\/index.php?rest_route=\/wp\/v2\/pages\/927","targetHints":{"allow":["GET"]}}],"collection":[{"href":"https:\/\/diein.com.co\/index.php?rest_route=\/wp\/v2\/pages"}],"about":[{"href":"https:\/\/diein.com.co\/index.php?rest_route=\/wp\/v2\/types\/page"}],"author":[{"embeddable":true,"href":"https:\/\/diein.com.co\/index.php?rest_route=\/wp\/v2\/users\/1"}],"replies":[{"embeddable":true,"href":"https:\/\/diein.com.co\/index.php?rest_route=%2Fwp%2Fv2%2Fcomments&post=927"}],"version-history":[{"count":3,"href":"https:\/\/diein.com.co\/index.php?rest_route=\/wp\/v2\/pages\/927\/revisions"}],"predecessor-version":[{"id":1142,"href":"https:\/\/diein.com.co\/index.php?rest_route=\/wp\/v2\/pages\/927\/revisions\/1142"}],"wp:attachment":[{"href":"https:\/\/diein.com.co\/index.php?rest_route=%2Fwp%2Fv2%2Fmedia&parent=927"}],"curies":[{"name":"wp","href":"https:\/\/api.w.org\/{rel}","templated":true}]}}