{"id":915,"date":"2023-06-09T16:38:10","date_gmt":"2023-06-09T16:38:10","guid":{"rendered":"https:\/\/diein.com.co\/?page_id=915"},"modified":"2023-06-13T18:56:03","modified_gmt":"2023-06-13T18:56:03","slug":"nosotros","status":"publish","type":"page","link":"https:\/\/diein.com.co\/?page_id=915","title":{"rendered":"NOSOTROS"},"content":{"rendered":"\n<p><\/p>\n\n\n\n<p><\/p>\n\n\n\n<p><\/p>\n\n\n\n<p><\/p>\n\n\n\n<p class=\"has-text-align-center\" style=\"margin-top:var(--wp--preset--spacing--30);margin-right:var(--wp--preset--spacing--30);margin-bottom:var(--wp--preset--spacing--30);margin-left:var(--wp--preset--spacing--30);padding-top:0;padding-right:0;padding-bottom:0;padding-left:0;font-size:18px\">Divisi\u00f3n El\u00e9ctrica Industrial S.A.S nace el 21 de octubre del 2007 en la ciudad de Bogot\u00e1 D.C con la expectativa de brindar mejores respuestas y soluciones al momento de distribuir materiales el\u00e9ctricos entregando al sector una excelente atenci\u00f3n y servicio. ya son mas de 15 a\u00f1os llevando soluciones oportunas a nuestros clientes, distribuyendo productos de calidad, de las mejores marcas y totalmente certificadas. gracias a la confianza y oportunidad que nos brindan seguimos comprometidos con mantener nuestros est\u00e1ndares y trabajamos d\u00eda a d\u00eda con el objetivo de crecer junto a nuestros aliados por la energ\u00eda de nuestro pa\u00eds.<\/p>\n","protected":false},"excerpt":{"rendered":"<p>Divisi\u00f3n El\u00e9ctrica Industrial S.A.S nace el 21 de octubre del 2007 en la ciudad de Bogot\u00e1 D.C con la expectativa de brindar mejores respuestas y soluciones al momento de distribuir materiales el\u00e9ctricos entregando al sector una excelente atenci\u00f3n y servicio. ya son mas de 15 a\u00f1os llevando soluciones oportunas a nuestros clientes, distribuyendo productos de &hellip;<\/p>\n<p class=\"read-more\"> <a class=\"\" href=\"https:\/\/diein.com.co\/?page_id=915\"> <span class=\"screen-reader-text\">NOSOTROS<\/span> Leer m\u00e1s &raquo;<\/a><\/p>\n","protected":false},"author":1,"featured_media":0,"parent":0,"menu_order":0,"comment_status":"closed","ping_status":"closed","template":"","meta":{"_uag_custom_page_level_css":"","site-sidebar-layout":"default","site-content-layout":"boxed-container","ast-global-header-display":"","ast-banner-title-visibility":"","ast-main-header-display":"","ast-hfb-above-header-display":"","ast-hfb-below-header-display":"","ast-hfb-mobile-header-display":"","site-post-title":"","ast-breadcrumbs-content":"","ast-featured-img":"","footer-sml-layout":"","theme-transparent-header-meta":"","adv-header-id-meta":"","stick-header-meta":"","header-above-stick-meta":"","header-main-stick-meta":"","header-below-stick-meta":"","footnotes":""},"class_list":["post-915","page","type-page","status-publish","hentry"],"uagb_featured_image_src":{"full":false,"thumbnail":false,"medium":false,"medium_large":false,"large":false,"1536x1536":false,"2048x2048":false},"uagb_author_info":{"display_name":"page_division_tfqi01oo","author_link":"https:\/\/diein.com.co\/?author=1"},"uagb_comment_info":0,"uagb_excerpt":"Divisi\u00f3n El\u00e9ctrica Industrial S.A.S nace el 21 de octubre del 2007 en la ciudad de Bogot\u00e1 D.C con la expectativa de brindar mejores respuestas y soluciones al momento de distribuir materiales el\u00e9ctricos entregando al sector una excelente atenci\u00f3n y servicio. ya son mas de 15 a\u00f1os llevando soluciones oportunas a nuestros clientes, distribuyendo productos de&hellip;","_links":{"self":[{"href":"https:\/\/diein.com.co\/index.php?rest_route=\/wp\/v2\/pages\/915","targetHints":{"allow":["GET"]}}],"collection":[{"href":"https:\/\/diein.com.co\/index.php?rest_route=\/wp\/v2\/pages"}],"about":[{"href":"https:\/\/diein.com.co\/index.php?rest_route=\/wp\/v2\/types\/page"}],"author":[{"embeddable":true,"href":"https:\/\/diein.com.co\/index.php?rest_route=\/wp\/v2\/users\/1"}],"replies":[{"embeddable":true,"href":"https:\/\/diein.com.co\/index.php?rest_route=%2Fwp%2Fv2%2Fcomments&post=915"}],"version-history":[{"count":10,"href":"https:\/\/diein.com.co\/index.php?rest_route=\/wp\/v2\/pages\/915\/revisions"}],"predecessor-version":[{"id":1081,"href":"https:\/\/diein.com.co\/index.php?rest_route=\/wp\/v2\/pages\/915\/revisions\/1081"}],"wp:attachment":[{"href":"https:\/\/diein.com.co\/index.php?rest_route=%2Fwp%2Fv2%2Fmedia&parent=915"}],"curies":[{"name":"wp","href":"https:\/\/api.w.org\/{rel}","templated":true}]}}