{"id":78,"date":"2022-10-17T07:03:13","date_gmt":"2022-10-17T07:03:13","guid":{"rendered":"https:\/\/diein.com.co\/?page_id=78"},"modified":"2023-06-22T22:05:10","modified_gmt":"2023-06-22T22:05:10","slug":"inicio","status":"publish","type":"page","link":"https:\/\/diein.com.co\/","title":{"rendered":"INICIO"},"content":{"rendered":"\n<div class=\"wp-block-columns are-vertically-aligned-bottom is-layout-flex wp-container-core-columns-is-layout-28f84493 wp-block-columns-is-layout-flex\">\n<div class=\"wp-block-column is-vertically-aligned-bottom is-layout-flow wp-block-column-is-layout-flow\" style=\"flex-basis:100%\">\n<div class=\"wp-block-uagb-container uagb-block-5c72ceb5 alignfull uagb-is-root-container\">\n<div class=\"wp-block-columns is-layout-flex wp-container-core-columns-is-layout-28f84493 wp-block-columns-is-layout-flex\">\n<div class=\"wp-block-column is-layout-flow wp-block-column-is-layout-flow\" style=\"flex-basis:100%\">\n<div class=\"wp-block-uagb-info-box uagb-block-59fb35f1 uagb-infobox__content-wrap  uagb-infobox-icon-above-title uagb-infobox-image-valign-top\"><div class=\"uagb-ifb-content\"><div class=\"uagb-ifb-title-wrap\"><h2 class=\"uagb-ifb-title\"><strong>DISTRIBUIMOS LOS MEJORES MATERIALES ELECTRICOS, DE ILUMINACION Y TELECOMUNICACION<\/strong><\/h2><\/div><div class=\"uagb-ifb-separator\"><\/div><div class=\"uagb-ifb-button-wrapper wp-block-button\"><a href=\"#\" target=\"_self\" onclick=\"return false;\" class=\"uagb-infobox-cta-link\" rel=\"noopener noreferrer\" alt=\"\"><span class=\"uagb-inline-editing\">EXPLORE<\/span><\/a><\/div><\/div><\/div>\n<\/div>\n<\/div>\n\n\n\n<div class=\"wp-block-columns is-layout-flex wp-container-core-columns-is-layout-28f84493 wp-block-columns-is-layout-flex\">\n<div class=\"wp-block-column is-layout-flow wp-block-column-is-layout-flow\" style=\"flex-basis:100%\">\n<div class=\"inherit-container-width wp-block-group is-layout-constrained wp-block-group-is-layout-constrained\">\t\t\t\t\t<div\n\t\t\t\t\t\tclass=\"wp-block-uagb-image-gallery uagb-block-a7b85748     \"\n\t\t\t\t\t\tstyle=\"\"\n\t\t\t\t\t>\n\t\t\t\t\t\t\t\t\t\t\t<div class=\"spectra-image-gallery spectra-image-gallery__layout--carousel\">\n\t\t\t\t\t\t\t\t<div class=\"uagb-slick-carousel uagb-block-a7b85748\">\n\t\t\t\t\t\t\t\t\t\t\t\t<div class='spectra-image-gallery__media-wrapper' data-spectra-gallery-image-id='1046'>\n\t\t\t\t\t\t\t<div class=\"spectra-image-gallery__media spectra-image-gallery__media--carousel\">\n\t\t\t\t<picture>\n\t\t\t\t\t<source media=\"(min-width: 1024px)\" srcset=\"https:\/\/diein.com.co\/wp-content\/uploads\/2023\/06\/Captura-de-pantalla-2023-06-03-112721-1.png\">\n\t\t\t\t\t<source media=\"(min-width: 768px)\" srcset=\"https:\/\/diein.com.co\/wp-content\/uploads\/2023\/06\/Captura-de-pantalla-2023-06-03-112721-1-1024x44.png\">\n\t\t\t\t\t<img decoding=\"async\" class=\"spectra-image-gallery__media-thumbnail spectra-image-gallery__media-thumbnail--carousel\" src=\"https:\/\/diein.com.co\/wp-content\/uploads\/2023\/06\/Captura-de-pantalla-2023-06-03-112721-1-300x13.png\" alt=\"\" loading=\"lazy\" \/>\n\t\t\t\t<\/picture>\n\t\t\t\t<div class=\"spectra-image-gallery__media-thumbnail-blurrer\"><\/div>\n\t\t\t\t\t\t\t\t\t\t\t<div class=\"spectra-image-gallery__media-thumbnail-caption-wrapper spectra-image-gallery__media-thumbnail-caption-wrapper--overlay\">\n\t\t\t\t\t\t\t\t\t\t\t<div class=\"spectra-image-gallery__media-thumbnail-caption spectra-image-gallery__media-thumbnail-caption--overlay\">\n\t\t\t\t\tSin leyenda\t\t\t\t<\/div>\n\t\t\t\t\t\t\t\t\t\t<\/div>\n\t\t\t\t\t\t\t\t\t<\/div>\n\t\t\t\t\t\t<\/div>\n\t\t\t\t\t\t\t\t\t\t\t<\/div>\n\t\t\t\t\t\t\t<\/div>\n\t\t\t\t\t\t\t\t\t\t\t<\/div>\n\t\t\t\t\t\t\t\t\t<\/div>\n<\/div>\n<\/div>\n<\/div>\n\n\n\n<h2 class=\"wp-block-heading has-text-align-center has-ast-global-color-1-color has-text-color\" id=\"we-re-a-studio-in-berlin-with-an-international-practice-in-architecture-urban-planning-and-interior-design-we-believe-in-sharing-knowledge-and-promoting-dialogue-to-increase-the-creative-potential-of-collaboration\" style=\"font-size:29px;line-height:1.4\">Tuber\u00eda, Cables, Fibra \u00d3ptica, Contactores, Variadores, Breaker, Tableros, Gabinetes, Conduletas, Iluminaci\u00f3n, Tomas, Switch, Accesorios.<\/h2>\n<\/div>\n<\/div>\n\n\n\n<div class=\"wp-block-uagb-container uagb-block-086778ab default uagb-is-root-container\">\n<div class=\"wp-block-uagb-container uagb-block-b3e140c7\">\n<div class=\"wp-block-columns is-layout-flex wp-container-core-columns-is-layout-28f84493 wp-block-columns-is-layout-flex\" style=\"border-style:none;border-width:0px;border-radius:0px\">\n<div class=\"wp-block-column is-layout-flow wp-block-column-is-layout-flow\" style=\"flex-basis:100%\">\n<div class=\"wp-block-uagb-container uagb-block-779139af\">\n<div class=\"wp-block-uagb-container uagb-block-f0a90aaf\">\n<div class=\"wp-block-columns is-layout-flex wp-container-core-columns-is-layout-28f84493 wp-block-columns-is-layout-flex\">\n<div class=\"wp-block-column is-layout-flow wp-block-column-is-layout-flow\" style=\"flex-basis:100%\">\n<div class=\"wp-block-uagb-info-box uagb-block-dcf57a15 uagb-infobox__content-wrap  uagb-infobox-icon-below-title uagb-infobox-image-valign-top\"><div class=\"uagb-ifb-content\"><div class=\"uagb-ifb-title-wrap\"><h4 class=\"uagb-ifb-title\">Electricidad <br><\/h4><\/div><div class=\"uagb-ifb-image-content\"><img decoding=\"async\" src=\"https:\/\/diein.com.co\/wp-content\/uploads\/2023\/06\/electric-electricity-building-1080584.jpg\" alt=\"electric, electricity, building-1080584.jpg\" width=\"100\" height=\"66\" loading=\"lazy\"\/><\/div><p class=\"uagb-ifb-desc\"><br>Distribuimos toca clase de material el\u00e9ctrico respaldados por las mejores marcas del mercado, brindando calidad y confianza en todos nuestros productos. <br><\/p><\/div><\/div>\n<\/div>\n<\/div>\n<\/div>\n\n\n\n<div class=\"wp-block-uagb-container uagb-block-030df635\">\n<div class=\"wp-block-uagb-info-box uagb-block-fbfa0d79 uagb-infobox__content-wrap  uagb-infobox-icon-below-title uagb-infobox-image-valign-top\"><div class=\"uagb-ifb-content\"><div class=\"uagb-ifb-title-wrap\"><h4 class=\"uagb-ifb-title\">Iluminaci\u00f3n<br><\/h4><\/div><div class=\"uagb-ifb-image-content\"><img decoding=\"async\" src=\"https:\/\/diein.com.co\/wp-content\/uploads\/2023\/06\/port-arthur-texas-night-1584098.jpg\" alt=\"port arthur, texas, night-1584098.jpg\" width=\"100\" height=\"51\" loading=\"lazy\"\/><\/div><p class=\"uagb-ifb-desc\"><br>Entregamos a nuestros clientes las soluciones ideales en iluminaci\u00f3n de cualquier espacio y proyecto, brindando las mejores alternativas seg\u00fan sus necesidades.<br><br><\/p><\/div><\/div>\n<\/div>\n\n\n\n<div class=\"wp-block-uagb-container uagb-block-15887484\">\n<div class=\"wp-block-uagb-info-box uagb-block-039f90c3 uagb-infobox__content-wrap  uagb-infobox-icon-below-title uagb-infobox-image-valign-top\"><div class=\"uagb-ifb-content\"><div class=\"uagb-ifb-title-wrap\"><h4 class=\"uagb-ifb-title\">Telecomunicaci\u00f3n<\/h4><\/div><div class=\"uagb-ifb-image-content\"><img decoding=\"async\" src=\"https:\/\/diein.com.co\/wp-content\/uploads\/2023\/06\/sever-digitization-mainframe-3100049.jpg\" alt=\"sever, digitization, mainframe-3100049.jpg\" width=\"100\" height=\"72\" loading=\"lazy\"\/><\/div><p class=\"uagb-ifb-desc\"><br>Somos proveedores de insumos y materiales para la telecomunicaci\u00f3n apoyando la trasmisi\u00f3n a distancia de datos de informaci\u00f3n a trav\u00e9s de medios electr\u00f3nicos y\/o tecnol\u00f3gicos<\/p><\/div><\/div>\n<\/div>\n<\/div>\n<\/div>\n<\/div>\n<\/div>\n<\/div>\n\n\n\n<div class=\"wp-block-uagb-advanced-heading uagb-block-95fbf7f3\"><h2 class=\"uagb-heading-text\">La soluci\u00f3n a sus proyectos el\u00e9ctricos, de iluminaci\u00f3n y telecomunicaci\u00f3n la encuentra con nosotros<br><strong>DIEIN S.A.S <\/strong><\/h2><\/div>\n\n\n\n<div class=\"wp-block-uagb-container uagb-block-2057847d alignwide uagb-is-root-container\"><\/div>\n","protected":false},"excerpt":{"rendered":"<p>Tuber\u00eda, Cables, Fibra \u00d3ptica, Contactores, Variadores, Breaker, Tableros, Gabinetes, Conduletas, Iluminaci\u00f3n, Tomas, Switch, Accesorios. La soluci\u00f3n a sus proyectos el\u00e9ctricos, de iluminaci\u00f3n y telecomunicaci\u00f3n la encuentra con nosotrosDIEIN S.A.S<\/p>\n","protected":false},"author":1,"featured_media":0,"parent":0,"menu_order":0,"comment_status":"closed","ping_status":"closed","template":"","meta":{"_uag_custom_page_level_css":"","site-sidebar-layout":"no-sidebar","site-content-layout":"default","ast-global-header-display":"","ast-banner-title-visibility":"","ast-main-header-display":"","ast-hfb-above-header-display":"","ast-hfb-below-header-display":"","ast-hfb-mobile-header-display":"","site-post-title":"disabled","ast-breadcrumbs-content":"","ast-featured-img":"","footer-sml-layout":"","theme-transparent-header-meta":"disabled","adv-header-id-meta":"","stick-header-meta":"","header-above-stick-meta":"","header-main-stick-meta":"","header-below-stick-meta":"","footnotes":""},"class_list":["post-78","page","type-page","status-publish","hentry"],"uagb_featured_image_src":{"full":false,"thumbnail":false,"medium":false,"medium_large":false,"large":false,"1536x1536":false,"2048x2048":false},"uagb_author_info":{"display_name":"page_division_tfqi01oo","author_link":"https:\/\/diein.com.co\/?author=1"},"uagb_comment_info":0,"uagb_excerpt":"Tuber\u00eda, Cables, Fibra \u00d3ptica, Contactores, Variadores, Breaker, Tableros, Gabinetes, Conduletas, Iluminaci\u00f3n, Tomas, Switch, Accesorios. La soluci\u00f3n a sus proyectos el\u00e9ctricos, de iluminaci\u00f3n y telecomunicaci\u00f3n la encuentra con nosotrosDIEIN S.A.S","_links":{"self":[{"href":"https:\/\/diein.com.co\/index.php?rest_route=\/wp\/v2\/pages\/78","targetHints":{"allow":["GET"]}}],"collection":[{"href":"https:\/\/diein.com.co\/index.php?rest_route=\/wp\/v2\/pages"}],"about":[{"href":"https:\/\/diein.com.co\/index.php?rest_route=\/wp\/v2\/types\/page"}],"author":[{"embeddable":true,"href":"https:\/\/diein.com.co\/index.php?rest_route=\/wp\/v2\/users\/1"}],"replies":[{"embeddable":true,"href":"https:\/\/diein.com.co\/index.php?rest_route=%2Fwp%2Fv2%2Fcomments&post=78"}],"version-history":[{"count":37,"href":"https:\/\/diein.com.co\/index.php?rest_route=\/wp\/v2\/pages\/78\/revisions"}],"predecessor-version":[{"id":1139,"href":"https:\/\/diein.com.co\/index.php?rest_route=\/wp\/v2\/pages\/78\/revisions\/1139"}],"wp:attachment":[{"href":"https:\/\/diein.com.co\/index.php?rest_route=%2Fwp%2Fv2%2Fmedia&parent=78"}],"curies":[{"name":"wp","href":"https:\/\/api.w.org\/{rel}","templated":true}]}}